{"id":4931,"date":"2019-02-02T06:23:15","date_gmt":"2019-02-02T05:23:15","guid":{"rendered":"https:\/\/www.robotspecialist.be\/politique-en-matiere-de-cookies\/"},"modified":"2019-02-04T15:20:26","modified_gmt":"2019-02-04T14:20:26","slug":"politique-en-matiere-de-cookies","status":"publish","type":"page","link":"https:\/\/www.robotspecialist.be\/fr\/politique-en-matiere-de-cookies\/","title":{"rendered":"Politique en matiere de cookies"},"content":{"rendered":"<p>Derni\u00e8re mise \u00e0 jour le 31\/01\/2019.<\/p>\n<h2>1.\tBienvenue<\/h2>\n<p>Nous sommes Robotspecialist, d\u00e9partementune de Jean Kempeneer NV, \u00e9tablie \u00e0 Kamerijklaan 16-101, 1700 Dilbeek, avec num\u00e9ro d\u2019entreprise 0428.344.971.<\/p>\n<p>Dans la pr\u00e9sente Politique en mati\u00e8re de cookies, nous vous expliquons quelles informations nous pouvons collecter via notre site Internet gr\u00e2ce aux cookies et comment nous les utilisons pour am\u00e9liorer nos services.<\/p>\n<p>En utilisant notre site Internet, vous acceptez notre usage des cookies.<\/p>\n<p>Cette Politique en mati\u00e8re de cookies fait partie int\u00e9grante de nos Conditions g\u00e9n\u00e9rales.<\/p>\n<h2>2.\tCookies<\/h2>\n<p>Un cookie est un petit fichier install\u00e9 temporairement par une page Internet sur votre ordinateur ou appareil mobile quand vous visitez un site Internet. Un cookie nous permet d\u2019identifier l\u2019appareil avec lequel vous visitez notre site sans que cela nous donne acc\u00e8s \u00e0 vos donn\u00e9es personnelles.<\/p>\n<p>Les cookies sont faciles \u00e0 supprimer via les r\u00e9glages de votre navigateur. Vous pouvez param\u00e9trer votre navigateur de mani\u00e8re \u00e0 ce qu\u2019il refuse syst\u00e9matiquement les cookies. Cependant, cela peut g\u00eaner l\u2019utilisation de notre site Internet ou emp\u00eacher l\u2019acc\u00e8s \u00e0 certaines fonctionnalit\u00e9s.<\/p>\n<h2>3. Types de cookies<\/h2>\n<h3>2.1.\tCOOKIES FONCTIONNELS<\/h3>\n<p>Les cookies techniques peuvent servir \u00e0 garantir le bon fonctionnement de notre site Internet. Ils pr\u00e9sentent l\u2019avantage que vous ne deviez pas toujours saisir ou charger les m\u00eames informations ou r\u00e9glages \u00e0 chacune de vos visites sur notre site Internet:<\/p>\n<p>&#8211;\t<strong>__sharethis_cookie_test__:<\/strong> Ce cookie est supprim\u00e9 apr\u00e8s la session.<br \/>\n&#8211;\t<strong>wc_cart_hash_#:<\/strong> Ce cookie est supprim\u00e9 apr\u00e8s la session.<br \/>\n&#8211;\t<strong>wc_fragments_#:<\/strong> Ce cookie est supprim\u00e9 apr\u00e8s la session.<\/p>\n<h3>2.2.\tPR\u00c9F\u00c9RENCES<\/h3>\n<p>Ces cookies permettent notre site Web de m\u00e9moriser des informations qui modifient le comportement du site, telles que votre langue pr\u00e9f\u00e9r\u00e9e ou la r\u00e9gion dans laquelle vous vous trouvez.<\/p>\n<p>&#8211;\t<strong>Player:<\/strong> Ce cookie est supprim\u00e9 apr\u00e8s 1 an. (https:\/\/vimeo.com\/privacy)<br \/>\n&#8211;\t<strong>sync_active:<\/strong> Ce cookie est permanent. (https:\/\/vimeo.com\/privacy)<\/p>\n<h3>2.3.\tCOOKIES D\u2019ANALYSE<\/h3>\n<p>Gr\u00e2ce \u00e0 ces cookies, nous pouvons proc\u00e9der \u00e0 une analyse g\u00e9n\u00e9rale de l\u2019utilisation de notre site Internet. Sur la base de statistiques anonymes, nous obtenons ainsi une id\u00e9e de la mani\u00e8re dont sont visit\u00e9es nos pages Internet, \u00e0 quelle fr\u00e9quence et pendant combien de temps. Cela nous permet d\u2019am\u00e9liorer et d\u2019optimiser notre site sur la base de ces informations:<\/p>\n<p>&#8211;\t<strong>Google Analytics (_ga):<\/strong> Ce cookie est supprim\u00e9 apr\u00e8s 2 ans. (https:\/\/policies.google.com\/privacy)<br \/>\n&#8211;\t<strong>Google Analytics (_gat):<\/strong> Ce cookie est supprim\u00e9 apr\u00e8s 1 jour. (https:\/\/policies.google.com\/privacy)<br \/>\n&#8211;\t<strong>Google Analytics (_gid):<\/strong> Ce cookie est supprim\u00e9 apr\u00e8s 1 jour. (https:\/\/policies.google.com\/privacy)<br \/>\n&#8211;\t<strong>Vuid:<\/strong> Ce cookie est supprim\u00e9 apr\u00e8s 2 ans. (https:\/\/vimeo.com\/privacy)<\/p>\n<h3>2.4.\tMARKETING<\/h3>\n<p>Gr\u00e2ce \u00e0 ces cookies, nous pouvons montrer aux personnes int\u00e9ress\u00e9es des publicit\u00e9s cibl\u00e9es \u00e0 des fins de marketing:<\/p>\n<p>&#8211;\t<strong>__ab12#:<\/strong> Ce cookie est supprim\u00e9 apr\u00e8s 1 an. https:\/\/www.sharethis.com\/privacy\/<br \/>\n&#8211;\t<strong>GPS:<\/strong> Ce cookie est supprim\u00e9 apr\u00e8s 1 an. https:\/\/support.google.com\/youtube\/<br \/>\n&#8211;\t<strong>IDE:<\/strong> Ce cookie est supprim\u00e9 apr\u00e8s 1 an. https:\/\/policies.google.com\/privacy<br \/>\n&#8211;\t<strong>PREF:<\/strong> Ce cookie est supprim\u00e9 apr\u00e8s 8 mois. https:\/\/support.google.com\/youtube\/<br \/>\n&#8211;\t<strong>r\/collect:<\/strong> Ce cookie est supprim\u00e9 apr\u00e8s la session. https:\/\/policies.google.com\/privacy<br \/>\n&#8211;\t<strong>test_cookie<\/strong>: Ce cookie est supprim\u00e9 apr\u00e8s la session. https:\/\/policies.google.com\/privacy<br \/>\n&#8211;\t<strong>VISITOR_INFO1_LIVE:<\/strong> Ce cookie est supprim\u00e9 apr\u00e8s 179 jours. https:\/\/support.google.com\/youtube\/<br \/>\n&#8211;\t<strong>YSC:<\/strong> Ce cookie est supprim\u00e9 apr\u00e8s la session. https:\/\/support.google.com\/youtube\/<br \/>\n&#8211;\t<strong>yt-remote-cast-installed:<\/strong> Ce cookie est supprim\u00e9 apr\u00e8s la session. https:\/\/support.google.com\/youtube\/<br \/>\n&#8211;\t<strong>yt-remote-connected-devices<\/strong>: Ce cookie est permanent. https:\/\/support.google.com\/youtube\/<br \/>\n&#8211;\t<strong>yt-remote-device-id:<\/strong> Ce cookie est permanent. https:\/\/support.google.com\/youtube\/<br \/>\n&#8211;\t<strong>yt-remote-fast-check-period:<\/strong> Ce cookie est supprim\u00e9 apr\u00e8s la session. https:\/\/support.google.com\/youtube\/<br \/>\n&#8211;\t<strong>yt-remote-session-app<\/strong>: Ce cookie est supprim\u00e9 apr\u00e8s la session. https:\/\/support.google.com\/youtube\/<br \/>\n&#8211;\t<strong>yt-remote-session-name:<\/strong> Ce cookie est supprim\u00e9 apr\u00e8s la session. https:\/\/support.google.com\/youtube\/<\/p>\n","protected":false},"excerpt":{"rendered":"<p>Derni\u00e8re mise \u00e0 jour le 31\/01\/2019. 1. Bienvenue Nous sommes Robotspecialist, d\u00e9partementune de Jean Kempeneer NV, \u00e9tablie \u00e0 Kamerijklaan 16-101, 1700 Dilbeek, avec num\u00e9ro d\u2019entreprise 0428.344.971. Dans la pr\u00e9sente Politique en mati\u00e8re de cookies, nous vous expliquons quelles informations nous pouvons collecter via notre site Internet gr\u00e2ce aux cookies et comment nous les utilisons pour am\u00e9liorer nos services. En utilisant notre site Internet, vous acceptez notre usage des cookies. Cette Politique en mati\u00e8re de cookies fait partie int\u00e9grante de nos Conditions g\u00e9n\u00e9rales. 2. Cookies Un cookie est un petit fichier install\u00e9 temporairement par une page Internet sur votre ordinateur ou [&hellip;]<\/p>\n","protected":false},"author":56,"featured_media":0,"parent":0,"menu_order":0,"comment_status":"closed","ping_status":"closed","template":"","meta":{"_acf_changed":false,"footnotes":""},"class_list":["post-4931","page","type-page","status-publish","hentry"],"acf":[],"_links":{"self":[{"href":"https:\/\/www.robotspecialist.be\/fr\/wp-json\/wp\/v2\/pages\/4931","targetHints":{"allow":["GET"]}}],"collection":[{"href":"https:\/\/www.robotspecialist.be\/fr\/wp-json\/wp\/v2\/pages"}],"about":[{"href":"https:\/\/www.robotspecialist.be\/fr\/wp-json\/wp\/v2\/types\/page"}],"author":[{"embeddable":true,"href":"https:\/\/www.robotspecialist.be\/fr\/wp-json\/wp\/v2\/users\/56"}],"replies":[{"embeddable":true,"href":"https:\/\/www.robotspecialist.be\/fr\/wp-json\/wp\/v2\/comments?post=4931"}],"version-history":[{"count":0,"href":"https:\/\/www.robotspecialist.be\/fr\/wp-json\/wp\/v2\/pages\/4931\/revisions"}],"wp:attachment":[{"href":"https:\/\/www.robotspecialist.be\/fr\/wp-json\/wp\/v2\/media?parent=4931"}],"curies":[{"name":"wp","href":"https:\/\/api.w.org\/{rel}","templated":true}]}}