{"id":3473,"date":"2016-11-29T12:16:41","date_gmt":"2016-11-29T11:16:41","guid":{"rendered":"https:\/\/www.robotspecialist.be\/product\/toit-pour-robot-transparent\/"},"modified":"2016-12-21T15:53:13","modified_gmt":"2016-12-21T14:53:13","slug":"toit-pour-robot-transparent","status":"publish","type":"product","link":"https:\/\/www.robotspecialist.be\/fr\/produit\/toit-pour-robot-transparent\/","title":{"rendered":"Toit pour robot-transparent"},"content":{"rendered":"","protected":false},"excerpt":{"rendered":"<p>Un beau design dans votre jardin. Le toit prot\u00e8ge contre pluie, vent, gr\u00eale. Les versions color\u00e9es \u00e9galement contre rayons UV. La station se pose avec des clous d\u2019encrage audessus de la station de recharge. La version \u00e0 toit pivotant permet d\u2019atteindre le robot plus facilement sans l\u2019enlever de la station.<\/p>\n","protected":false},"featured_media":3466,"template":"","meta":{"_acf_changed":false},"product_brand":[],"product_cat":[93],"product_tag":[],"class_list":{"0":"post-3473","1":"product","2":"type-product","3":"status-publish","4":"has-post-thumbnail","6":"product_cat-abri-robot","8":"first","9":"instock","10":"taxable","11":"shipping-taxable","12":"purchasable","13":"product-type-simple"},"acf":[],"_links":{"self":[{"href":"https:\/\/www.robotspecialist.be\/fr\/wp-json\/wp\/v2\/product\/3473","targetHints":{"allow":["GET"]}}],"collection":[{"href":"https:\/\/www.robotspecialist.be\/fr\/wp-json\/wp\/v2\/product"}],"about":[{"href":"https:\/\/www.robotspecialist.be\/fr\/wp-json\/wp\/v2\/types\/product"}],"wp:featuredmedia":[{"embeddable":true,"href":"https:\/\/www.robotspecialist.be\/fr\/wp-json\/wp\/v2\/media\/3466"}],"wp:attachment":[{"href":"https:\/\/www.robotspecialist.be\/fr\/wp-json\/wp\/v2\/media?parent=3473"}],"wp:term":[{"taxonomy":"product_brand","embeddable":true,"href":"https:\/\/www.robotspecialist.be\/fr\/wp-json\/wp\/v2\/product_brand?post=3473"},{"taxonomy":"product_cat","embeddable":true,"href":"https:\/\/www.robotspecialist.be\/fr\/wp-json\/wp\/v2\/product_cat?post=3473"},{"taxonomy":"product_tag","embeddable":true,"href":"https:\/\/www.robotspecialist.be\/fr\/wp-json\/wp\/v2\/product_tag?post=3473"}],"curies":[{"name":"wp","href":"https:\/\/api.w.org\/{rel}","templated":true}]}}