{"id":3574,"date":"2016-11-29T16:34:35","date_gmt":"2016-11-29T15:34:34","guid":{"rendered":"https:\/\/www.robotspecialist.be\/produit\/maisonnette-de-robot-avec-toit-en-polycarbonate-petit\/?lang=fr"},"modified":"2016-12-27T17:26:45","modified_gmt":"2016-12-27T16:26:45","slug":"maisonnette-de-robot-avec-toit-en-polycarbonate-petit","status":"publish","type":"product","link":"https:\/\/www.robotspecialist.be\/fr\/produit\/maisonnette-de-robot-avec-toit-en-polycarbonate-petit\/","title":{"rendered":"Maisonnette de robot avec toit en Polycarbonate petit"},"content":{"rendered":"","protected":false},"excerpt":{"rendered":"<p>Avec un design transparent cette maisonette passe inapercue dans votre jardin.<\/p>\n<p>Elle prot\u00e8ge contre pluie, vent, gr\u00eale, mais \u00e9galement rayons UV.\u00a0La maisonnette se fixe avec des ancres autour de la station de recharge.<\/p>\n<p>La version pivotante permet d\u2019atteindre le robot sans l\u2019enlever de la station.<\/p>\n","protected":false},"featured_media":3583,"template":"","meta":{"_acf_changed":false},"product_brand":[],"product_cat":[151],"product_tag":[],"class_list":{"0":"post-3574","1":"product","2":"type-product","3":"status-publish","4":"has-post-thumbnail","6":"product_cat-maisonnette-de-robot","8":"first","9":"instock","10":"taxable","11":"shipping-taxable","12":"purchasable","13":"product-type-variable"},"acf":[],"_links":{"self":[{"href":"https:\/\/www.robotspecialist.be\/fr\/wp-json\/wp\/v2\/product\/3574","targetHints":{"allow":["GET"]}}],"collection":[{"href":"https:\/\/www.robotspecialist.be\/fr\/wp-json\/wp\/v2\/product"}],"about":[{"href":"https:\/\/www.robotspecialist.be\/fr\/wp-json\/wp\/v2\/types\/product"}],"wp:featuredmedia":[{"embeddable":true,"href":"https:\/\/www.robotspecialist.be\/fr\/wp-json\/wp\/v2\/media\/3583"}],"wp:attachment":[{"href":"https:\/\/www.robotspecialist.be\/fr\/wp-json\/wp\/v2\/media?parent=3574"}],"wp:term":[{"taxonomy":"product_brand","embeddable":true,"href":"https:\/\/www.robotspecialist.be\/fr\/wp-json\/wp\/v2\/product_brand?post=3574"},{"taxonomy":"product_cat","embeddable":true,"href":"https:\/\/www.robotspecialist.be\/fr\/wp-json\/wp\/v2\/product_cat?post=3574"},{"taxonomy":"product_tag","embeddable":true,"href":"https:\/\/www.robotspecialist.be\/fr\/wp-json\/wp\/v2\/product_tag?post=3574"}],"curies":[{"name":"wp","href":"https:\/\/api.w.org\/{rel}","templated":true}]}}