{"id":3629,"date":"2016-11-29T19:46:44","date_gmt":"2016-11-29T18:46:44","guid":{"rendered":"https:\/\/www.robotspecialist.be\/produit\/maisonnette-de-robot-avec-toit-en-acryl-petit-kopie\/?lang=fr"},"modified":"2018-08-29T08:36:02","modified_gmt":"2018-08-29T06:36:02","slug":"maisonnette","status":"publish","type":"product","link":"https:\/\/www.robotspecialist.be\/fr\/produit\/maisonnette\/","title":{"rendered":"Maisonnette de robot avec toit en acryl grand"},"content":{"rendered":"","protected":false},"excerpt":{"rendered":"<p>Le design du toit ACRYL va vous persuader par sa belle ligne. Le toit prot\u00e8ge contre pluie, vent, gr\u00eale et rayons UV. Fixez le toit avec les clous d\u2019ancrage. Deux mod\u00e9les permettent de choisir le mod\u00e8le adapt\u00e9 \u00e0 votre robot.<\/p>\n","protected":false},"featured_media":3621,"template":"","meta":{"_acf_changed":false},"product_brand":[],"product_cat":[151],"product_tag":[],"class_list":{"0":"post-3629","1":"product","2":"type-product","3":"status-publish","4":"has-post-thumbnail","6":"product_cat-maisonnette-de-robot","8":"first","9":"instock","10":"taxable","11":"shipping-taxable","12":"purchasable","13":"product-type-simple"},"acf":[],"_links":{"self":[{"href":"https:\/\/www.robotspecialist.be\/fr\/wp-json\/wp\/v2\/product\/3629","targetHints":{"allow":["GET"]}}],"collection":[{"href":"https:\/\/www.robotspecialist.be\/fr\/wp-json\/wp\/v2\/product"}],"about":[{"href":"https:\/\/www.robotspecialist.be\/fr\/wp-json\/wp\/v2\/types\/product"}],"wp:featuredmedia":[{"embeddable":true,"href":"https:\/\/www.robotspecialist.be\/fr\/wp-json\/wp\/v2\/media\/3621"}],"wp:attachment":[{"href":"https:\/\/www.robotspecialist.be\/fr\/wp-json\/wp\/v2\/media?parent=3629"}],"wp:term":[{"taxonomy":"product_brand","embeddable":true,"href":"https:\/\/www.robotspecialist.be\/fr\/wp-json\/wp\/v2\/product_brand?post=3629"},{"taxonomy":"product_cat","embeddable":true,"href":"https:\/\/www.robotspecialist.be\/fr\/wp-json\/wp\/v2\/product_cat?post=3629"},{"taxonomy":"product_tag","embeddable":true,"href":"https:\/\/www.robotspecialist.be\/fr\/wp-json\/wp\/v2\/product_tag?post=3629"}],"curies":[{"name":"wp","href":"https:\/\/api.w.org\/{rel}","templated":true}]}}