{"id":3645,"date":"2016-11-29T21:31:15","date_gmt":"2016-11-29T20:31:15","guid":{"rendered":"https:\/\/www.robotspecialist.be\/produit\/maisonnette-de-robot-avec-toit-en-acryl-grand-kopie\/?lang=fr"},"modified":"2018-03-27T14:04:58","modified_gmt":"2018-03-27T12:04:58","slug":"maisonnette-de-robot-avec-toit-en-acryl-grand-noir","status":"publish","type":"product","link":"https:\/\/www.robotspecialist.be\/fr\/produit\/maisonnette-de-robot-avec-toit-en-acryl-grand-noir\/","title":{"rendered":"Maisonnette de robot avec toit en acryl grand noir"},"content":{"rendered":"<p>Maisonette en ACRYL, color\u00e9 noir, avec parroi arri\u00e8re<\/p>\n","protected":false},"excerpt":{"rendered":"<p>Le design du toit ACRYL va vous persuader par sa belle ligne. Le toit prot\u00e8ge contre pluie, vent, gr\u00eale et rayons UV. Fixez le toit avec les clous d\u2019ancrage. Deux mod\u00e9les permettent de choisir le mod\u00e8le adapt\u00e9 \u00e0 votre robot.<\/p>\n","protected":false},"featured_media":3623,"template":"","meta":{"_acf_changed":false},"product_brand":[],"product_cat":[151],"product_tag":[],"class_list":{"0":"post-3645","1":"product","2":"type-product","3":"status-publish","4":"has-post-thumbnail","6":"product_cat-maisonnette-de-robot","8":"first","9":"instock","10":"taxable","11":"shipping-taxable","12":"purchasable","13":"product-type-simple"},"acf":[],"_links":{"self":[{"href":"https:\/\/www.robotspecialist.be\/fr\/wp-json\/wp\/v2\/product\/3645","targetHints":{"allow":["GET"]}}],"collection":[{"href":"https:\/\/www.robotspecialist.be\/fr\/wp-json\/wp\/v2\/product"}],"about":[{"href":"https:\/\/www.robotspecialist.be\/fr\/wp-json\/wp\/v2\/types\/product"}],"wp:featuredmedia":[{"embeddable":true,"href":"https:\/\/www.robotspecialist.be\/fr\/wp-json\/wp\/v2\/media\/3623"}],"wp:attachment":[{"href":"https:\/\/www.robotspecialist.be\/fr\/wp-json\/wp\/v2\/media?parent=3645"}],"wp:term":[{"taxonomy":"product_brand","embeddable":true,"href":"https:\/\/www.robotspecialist.be\/fr\/wp-json\/wp\/v2\/product_brand?post=3645"},{"taxonomy":"product_cat","embeddable":true,"href":"https:\/\/www.robotspecialist.be\/fr\/wp-json\/wp\/v2\/product_cat?post=3645"},{"taxonomy":"product_tag","embeddable":true,"href":"https:\/\/www.robotspecialist.be\/fr\/wp-json\/wp\/v2\/product_tag?post=3645"}],"curies":[{"name":"wp","href":"https:\/\/api.w.org\/{rel}","templated":true}]}}