{"id":3676,"date":"2016-11-29T22:36:53","date_gmt":"2016-11-29T21:36:53","guid":{"rendered":"https:\/\/www.robotspecialist.be\/product\/mower-box-aluminium-2\/"},"modified":"2016-12-05T19:16:33","modified_gmt":"2016-12-05T18:16:33","slug":"mower-box-aluminium-2","status":"publish","type":"product","link":"https:\/\/www.robotspecialist.be\/fr\/produit\/mower-box-aluminium-2\/","title":{"rendered":"Mower-Box aluminium"},"content":{"rendered":"<p>Le Mower-Box r\u00e9unit l\u2019\u00e9l\u00e9gance et des mati\u00e8res de qualit\u00e9.\u00a0La porte se ferme \u00e0 la main et peut \u00eatre ferm\u00e9e \u00e0 cl\u00e9. Pendant la tonte la porte se fixe \u00e0 l\u2019arri\u00e8re du mower-box.<\/p>\n<p>Livr\u00e9 avec clous d\u2019ancrage<\/p>\n","protected":false},"excerpt":{"rendered":"<p>Le Mower-Box r\u00e9unit l\u2019\u00e9l\u00e9gance et des mati\u00e8res de qualit\u00e9.\u00a0La porte se ferme \u00e0 la main et peut \u00eatre ferm\u00e9e \u00e0 cl\u00e9. Pendant la tonte la porte se fixe \u00e0 l\u2019arri\u00e8re du mower-box. Livr\u00e9 avec clous d\u2019ancrage<\/p>\n","protected":false},"featured_media":3674,"template":"","meta":{"_acf_changed":false},"product_brand":[],"product_cat":[168],"product_tag":[],"class_list":{"0":"post-3676","1":"product","2":"type-product","3":"status-publish","4":"has-post-thumbnail","6":"product_cat-mowerbox","8":"first","9":"instock","10":"taxable","11":"shipping-taxable","12":"product-type-simple"},"acf":[],"_links":{"self":[{"href":"https:\/\/www.robotspecialist.be\/fr\/wp-json\/wp\/v2\/product\/3676","targetHints":{"allow":["GET"]}}],"collection":[{"href":"https:\/\/www.robotspecialist.be\/fr\/wp-json\/wp\/v2\/product"}],"about":[{"href":"https:\/\/www.robotspecialist.be\/fr\/wp-json\/wp\/v2\/types\/product"}],"wp:featuredmedia":[{"embeddable":true,"href":"https:\/\/www.robotspecialist.be\/fr\/wp-json\/wp\/v2\/media\/3674"}],"wp:attachment":[{"href":"https:\/\/www.robotspecialist.be\/fr\/wp-json\/wp\/v2\/media?parent=3676"}],"wp:term":[{"taxonomy":"product_brand","embeddable":true,"href":"https:\/\/www.robotspecialist.be\/fr\/wp-json\/wp\/v2\/product_brand?post=3676"},{"taxonomy":"product_cat","embeddable":true,"href":"https:\/\/www.robotspecialist.be\/fr\/wp-json\/wp\/v2\/product_cat?post=3676"},{"taxonomy":"product_tag","embeddable":true,"href":"https:\/\/www.robotspecialist.be\/fr\/wp-json\/wp\/v2\/product_tag?post=3676"}],"curies":[{"name":"wp","href":"https:\/\/api.w.org\/{rel}","templated":true}]}}