{"id":3768,"date":"2016-12-01T12:11:47","date_gmt":"2016-12-01T11:11:47","guid":{"rendered":"https:\/\/www.robotspecialist.be\/product\/mower-garage-design-aluminium-2\/"},"modified":"2018-08-29T07:35:43","modified_gmt":"2018-08-29T05:35:43","slug":"mower-garage-design-aluminium-2","status":"publish","type":"product","link":"https:\/\/www.robotspecialist.be\/fr\/produit\/mower-garage-design-aluminium-2\/","title":{"rendered":"Mower-garage design aluminium"},"content":{"rendered":"<p>Porte avec enroulement \u00e9lectrique avec timer, br\u00e8vet\u00e9\u00a0!!!<\/p>\n<p>La Mower-garage fait exactement ce que son nom comprends: il prot\u00e8ge parfaitement contre le temps et les rayons UV. En plus la porte \u00e0 enroulement prot\u00e8ge contre vandalisme ou vol pendant les heures de charge ou repos du robot. La minuterie accorde l\u2019ouverture et fermeture au sorties du robot. Le Mower-garage est ancr\u00e9 au sol.<\/p>\n<p>Porte avec enroulement synchronis\u00e9 avec le robot. Porte de garage avec serrure. Livr\u00e9 avec ancrage.<\/p>\n<p><iframe loading=\"lazy\" width=\"560\" height=\"315\" src=\"https:\/\/www.youtube.com\/embed\/v6mK_NXee3M\" frameborder=\"0\" allowfullscreen><\/iframe><\/p>\n","protected":false},"excerpt":{"rendered":"<p>Porte avec enroulement \u00e9lectrique avec timer, br\u00e8vet\u00e9\u00a0!!! La Mower-garage fait exactement ce que son nom comprends: il prot\u00e8ge parfaitement contre le temps et les rayons UV. En plus la porte \u00e0 enroulement prot\u00e8ge contre vandalisme ou vol pendant les heures de charge ou repos du robot. La minuterie accorde l\u2019ouverture et fermeture au sorties du robot. Le Mower-garage est ancr\u00e9 au sol. Porte avec enroulement synchronis\u00e9 avec le robot. Porte de garage avec serrure. Livr\u00e9 avec ancrage.<\/p>\n","protected":false},"featured_media":3767,"template":"","meta":{"_acf_changed":false},"product_brand":[],"product_cat":[168],"product_tag":[],"class_list":{"0":"post-3768","1":"product","2":"type-product","3":"status-publish","4":"has-post-thumbnail","6":"product_cat-mowerbox","8":"first","9":"instock","10":"taxable","11":"shipping-taxable","12":"purchasable","13":"product-type-simple"},"acf":[],"_links":{"self":[{"href":"https:\/\/www.robotspecialist.be\/fr\/wp-json\/wp\/v2\/product\/3768","targetHints":{"allow":["GET"]}}],"collection":[{"href":"https:\/\/www.robotspecialist.be\/fr\/wp-json\/wp\/v2\/product"}],"about":[{"href":"https:\/\/www.robotspecialist.be\/fr\/wp-json\/wp\/v2\/types\/product"}],"wp:featuredmedia":[{"embeddable":true,"href":"https:\/\/www.robotspecialist.be\/fr\/wp-json\/wp\/v2\/media\/3767"}],"wp:attachment":[{"href":"https:\/\/www.robotspecialist.be\/fr\/wp-json\/wp\/v2\/media?parent=3768"}],"wp:term":[{"taxonomy":"product_brand","embeddable":true,"href":"https:\/\/www.robotspecialist.be\/fr\/wp-json\/wp\/v2\/product_brand?post=3768"},{"taxonomy":"product_cat","embeddable":true,"href":"https:\/\/www.robotspecialist.be\/fr\/wp-json\/wp\/v2\/product_cat?post=3768"},{"taxonomy":"product_tag","embeddable":true,"href":"https:\/\/www.robotspecialist.be\/fr\/wp-json\/wp\/v2\/product_tag?post=3768"}],"curies":[{"name":"wp","href":"https:\/\/api.w.org\/{rel}","templated":true}]}}