{"id":3952,"date":"2016-12-01T17:00:21","date_gmt":"2016-12-01T16:00:22","guid":{"rendered":"https:\/\/www.robotspecialist.be\/produit\/mower-garage-standard-aluminium-kopie\/?lang=fr"},"modified":"2020-01-17T12:40:57","modified_gmt":"2020-01-17T11:40:57","slug":"mower-garage-xl-aluminium","status":"publish","type":"product","link":"https:\/\/www.robotspecialist.be\/fr\/produit\/mower-garage-xl-aluminium\/","title":{"rendered":"Mower-garage XL aluminium"},"content":{"rendered":"<p>Avec porte \u00e0 enroulement, command\u00e9e par une minuterie.<\/p>\n<p>La Mower-garage fait exactement ce que son nom comprends: il prot\u00e8ge parfaitement contre le temps et les rayons UV. En plus la porte \u00e0 enroulement prot\u00e8ge contre vandalisme ou vol pendant les heures de charge ou repos du robot. La minuterie accorde l\u2019ouverture et fermeture au sorties du robot. Le Mower-garage est ancr\u00e9 au sol.<\/p>\n<p>Porte avec enroulement synchronis\u00e9 avec le robot. Porte de garage avec serrure. Livr\u00e9 avec ancrage.<\/p>\n<p>Convient pour Husqvarna 320,330,420,430,440,450,520,535AWD,450X,435XAWD<\/p>\n<p>&nbsp;<\/p>\n<p><iframe loading=\"lazy\" src=\"https:\/\/www.youtube.com\/embed\/v6mK_NXee3M\" width=\"560\" height=\"315\" frameborder=\"0\" allowfullscreen=\"allowfullscreen\"><\/iframe><\/p>\n","protected":false},"excerpt":{"rendered":"<p>Avec porte \u00e0 enroulement, command\u00e9e par une minuterie. La Mower-garage fait exactement ce que son nom comprends: il prot\u00e8ge parfaitement contre le temps et les rayons UV. En plus la porte \u00e0 enroulement prot\u00e8ge contre vandalisme ou vol pendant les heures de charge ou repos du robot. La minuterie accorde l\u2019ouverture et fermeture au sorties du robot. Le Mower-garage est ancr\u00e9 au sol. Porte avec enroulement synchronis\u00e9 avec le robot. Porte de garage avec serrure. Livr\u00e9 avec ancrage. Convient pour Husqvarna 320,330,420,430,440,450,520,535AWD,450X,435XAWD &nbsp;<\/p>\n","protected":false},"featured_media":3928,"template":"","meta":{"_acf_changed":false},"product_brand":[],"product_cat":[168],"product_tag":[],"class_list":{"0":"post-3952","1":"product","2":"type-product","3":"status-publish","4":"has-post-thumbnail","6":"product_cat-mowerbox","8":"first","9":"instock","10":"taxable","11":"shipping-taxable","12":"purchasable","13":"product-type-simple"},"acf":[],"_links":{"self":[{"href":"https:\/\/www.robotspecialist.be\/fr\/wp-json\/wp\/v2\/product\/3952","targetHints":{"allow":["GET"]}}],"collection":[{"href":"https:\/\/www.robotspecialist.be\/fr\/wp-json\/wp\/v2\/product"}],"about":[{"href":"https:\/\/www.robotspecialist.be\/fr\/wp-json\/wp\/v2\/types\/product"}],"wp:featuredmedia":[{"embeddable":true,"href":"https:\/\/www.robotspecialist.be\/fr\/wp-json\/wp\/v2\/media\/3928"}],"wp:attachment":[{"href":"https:\/\/www.robotspecialist.be\/fr\/wp-json\/wp\/v2\/media?parent=3952"}],"wp:term":[{"taxonomy":"product_brand","embeddable":true,"href":"https:\/\/www.robotspecialist.be\/fr\/wp-json\/wp\/v2\/product_brand?post=3952"},{"taxonomy":"product_cat","embeddable":true,"href":"https:\/\/www.robotspecialist.be\/fr\/wp-json\/wp\/v2\/product_cat?post=3952"},{"taxonomy":"product_tag","embeddable":true,"href":"https:\/\/www.robotspecialist.be\/fr\/wp-json\/wp\/v2\/product_tag?post=3952"}],"curies":[{"name":"wp","href":"https:\/\/api.w.org\/{rel}","templated":true}]}}