{"id":4607,"date":"2017-10-19T12:45:59","date_gmt":"2017-10-19T10:45:59","guid":{"rendered":"https:\/\/www.robotspecialist.be\/?post_type=product&#038;p=4607\/"},"modified":"2017-10-19T12:47:54","modified_gmt":"2017-10-19T10:47:54","slug":"cabine-a-nettoyage-990l","status":"publish","type":"product","link":"https:\/\/www.robotspecialist.be\/fr\/produit\/cabine-a-nettoyage-990l\/","title":{"rendered":"Cabine \u00e0 nettoyage 990L"},"content":{"rendered":"","protected":false},"excerpt":{"rendered":"<p>Nettoyez votre robot plus vite, plus propre,<\/p>\n<p>Tenez la poussi\u00e8re sous controle dans votre atelier robot<\/p>\n<p>AVEC LE NETTOYEUR \u00e0 GLACE S\u00e8CHE\u00a0 et le 990 L, convient pour tous les robots<\/p>\n<p>Cabine de sablage professionelle<\/p>\n<p>Grande porte frontale de chargement.<\/p>\n<p>Chassis robuste, permet le d\u00e9placement en transpallette.<\/p>\n<p>Trappe pour enl\u00e8vement des d\u00e9ch\u00eats.<\/p>\n<p>Eclairage int\u00e9gr\u00e9 avec 4 lampes fluorescentes.<\/p>\n<p>Voyant en verre feuillet\u00e9<\/p>\n<p>Gants int\u00e9gr\u00e9s: votre technicien ne se salit pas lors du nettoyage.<\/p>\n<p>Peut \u00eatre utilis\u00e9 pour du sablage<\/p>\n<p>Livr\u00e9 avec:<\/p>\n<ul>\n<li>Gants Latex de qualit\u00e9 int\u00e9gr\u00e9s<\/li>\n<li>4\u00a0 lampes fluorescerentes\u00a0 26 Watt<\/li>\n<li>5 feuilles de protection pour voyant et \u00e9clairage<\/li>\n<li>Aspirateur de poussi\u00e8re avec filtre \u00e9changeable<\/li>\n<li>Pistolet pour sablage<\/li>\n<li>R\u00e9glage de pression avec manom\u00e8tre<\/li>\n<\/ul>\n","protected":false},"featured_media":4593,"template":"","meta":{"_acf_changed":false},"product_brand":[],"product_cat":[285],"product_tag":[],"class_list":{"0":"post-4607","1":"product","2":"type-product","3":"status-publish","4":"has-post-thumbnail","6":"product_cat-equipment-datelier","8":"first","9":"instock","10":"taxable","11":"shipping-taxable","12":"product-type-simple"},"acf":[],"_links":{"self":[{"href":"https:\/\/www.robotspecialist.be\/fr\/wp-json\/wp\/v2\/product\/4607","targetHints":{"allow":["GET"]}}],"collection":[{"href":"https:\/\/www.robotspecialist.be\/fr\/wp-json\/wp\/v2\/product"}],"about":[{"href":"https:\/\/www.robotspecialist.be\/fr\/wp-json\/wp\/v2\/types\/product"}],"wp:featuredmedia":[{"embeddable":true,"href":"https:\/\/www.robotspecialist.be\/fr\/wp-json\/wp\/v2\/media\/4593"}],"wp:attachment":[{"href":"https:\/\/www.robotspecialist.be\/fr\/wp-json\/wp\/v2\/media?parent=4607"}],"wp:term":[{"taxonomy":"product_brand","embeddable":true,"href":"https:\/\/www.robotspecialist.be\/fr\/wp-json\/wp\/v2\/product_brand?post=4607"},{"taxonomy":"product_cat","embeddable":true,"href":"https:\/\/www.robotspecialist.be\/fr\/wp-json\/wp\/v2\/product_cat?post=4607"},{"taxonomy":"product_tag","embeddable":true,"href":"https:\/\/www.robotspecialist.be\/fr\/wp-json\/wp\/v2\/product_tag?post=4607"}],"curies":[{"name":"wp","href":"https:\/\/api.w.org\/{rel}","templated":true}]}}