{"id":4657,"date":"2018-03-27T14:41:05","date_gmt":"2018-03-27T12:44:37","guid":{"rendered":"https:\/\/www.robotspecialist.be\/?post_type=product&#038;p=4657"},"modified":"2018-08-29T07:45:25","modified_gmt":"2018-08-29T05:45:25","slug":"abri-robot","status":"publish","type":"product","link":"https:\/\/www.robotspecialist.be\/fr\/produit\/abri-robot\/","title":{"rendered":"Abri-robot"},"content":{"rendered":"<p>L&#8217;abri parfait pour votre robot et en m\u00eame temps le bac \u00e0 fleur ou votre petit jardin d&#8217;\u00e9pices<\/p>\n<p>&nbsp;<\/p>\n<p>En aluminium, avec drainage, livr\u00e9 avec ancres, montage rapide et facile.<\/p>\n","protected":false},"excerpt":{"rendered":"<p>L&#8217;abri parfait pour votre robot et en m\u00eame temps le bac \u00e0 fleur ou votre petit jardin d&#8217;\u00e9pices &nbsp; En aluminium, avec drainage, livr\u00e9 avec ancres, montage rapide et facile.<\/p>\n","protected":false},"featured_media":4716,"template":"","meta":{"_acf_changed":false},"product_brand":[],"product_cat":[151],"product_tag":[],"class_list":{"0":"post-4657","1":"product","2":"type-product","3":"status-publish","4":"has-post-thumbnail","6":"product_cat-maisonnette-de-robot","8":"first","9":"instock","10":"taxable","11":"shipping-taxable","12":"purchasable","13":"product-type-simple"},"acf":[],"_links":{"self":[{"href":"https:\/\/www.robotspecialist.be\/fr\/wp-json\/wp\/v2\/product\/4657","targetHints":{"allow":["GET"]}}],"collection":[{"href":"https:\/\/www.robotspecialist.be\/fr\/wp-json\/wp\/v2\/product"}],"about":[{"href":"https:\/\/www.robotspecialist.be\/fr\/wp-json\/wp\/v2\/types\/product"}],"wp:featuredmedia":[{"embeddable":true,"href":"https:\/\/www.robotspecialist.be\/fr\/wp-json\/wp\/v2\/media\/4716"}],"wp:attachment":[{"href":"https:\/\/www.robotspecialist.be\/fr\/wp-json\/wp\/v2\/media?parent=4657"}],"wp:term":[{"taxonomy":"product_brand","embeddable":true,"href":"https:\/\/www.robotspecialist.be\/fr\/wp-json\/wp\/v2\/product_brand?post=4657"},{"taxonomy":"product_cat","embeddable":true,"href":"https:\/\/www.robotspecialist.be\/fr\/wp-json\/wp\/v2\/product_cat?post=4657"},{"taxonomy":"product_tag","embeddable":true,"href":"https:\/\/www.robotspecialist.be\/fr\/wp-json\/wp\/v2\/product_tag?post=4657"}],"curies":[{"name":"wp","href":"https:\/\/api.w.org\/{rel}","templated":true}]}}