{"id":4670,"date":"2018-03-27T16:38:05","date_gmt":"2018-03-27T14:42:20","guid":{"rendered":"https:\/\/www.robotspecialist.be\/?post_type=product&#038;p=4670"},"modified":"2018-08-31T11:48:20","modified_gmt":"2018-08-31T09:48:20","slug":"protection-trampoline","status":"publish","type":"product","link":"https:\/\/www.robotspecialist.be\/fr\/produit\/protection-trampoline\/","title":{"rendered":"Protection &#8211; trampoline"},"content":{"rendered":"<p>Dans un jardin, un trampoline et un robot tondeuse sont rarement les meilleurs amis, le premier prenant un malin plaisir \u00e0 bloquer le deuxi\u00e8me sur les tubes horizontaux de ses pieds. Entourer le trampoline d\u2019un fil p\u00e9rim\u00e9trique n\u2019est pas une solution, car il doit \u00eatre d\u00e9plac\u00e9 r\u00e9guli\u00e8rement pour conserver une belle pelouse.<br \/>\nUne bonne option est d\u2019utiliser cette barri\u00e8re. Le trampoline peut ainsi \u00eatre d\u00e9plac\u00e9 r\u00e9guli\u00e8rement, tandis que le robot tondeuse ne peut plus rouler sur les tubes et y rester coinc\u00e9.<br \/>\nFacile \u00e0 installer : les barres carr\u00e9es et t\u00e9lescopiques en aluminium sont fix\u00e9es avec un raccord rapide et pratique sur le tube. Un clic, et c\u2019est pr\u00eat!<br \/>\nLivraison : une bo\u00eete de 4 barres t\u00e9lescopiques \u00e0 raccord rapide, qui s\u2019adaptent \u00e0 99 % des trampolines.<br \/>\nNum\u00e9ro d&#8217;article : 4417001<\/p>\n<p><iframe loading=\"lazy\" src=\"https:\/\/player.vimeo.com\/video\/216797556\" width=\"640\" height=\"360\" frameborder=\"0\" allowfullscreen=\"allowfullscreen\"><\/iframe><\/p>\n","protected":false},"excerpt":{"rendered":"<p>La livraison contient 4 barres t\u00e9l\u00e9scopiques avec clips attache-rapide.<\/p>\n","protected":false},"featured_media":4693,"template":"","meta":{"_acf_changed":false},"product_brand":[],"product_cat":[300],"product_tag":[],"class_list":{"0":"post-4670","1":"product","2":"type-product","3":"status-publish","4":"has-post-thumbnail","6":"product_cat-geen-onderdeel-van-een-categorie","8":"first","9":"instock","10":"taxable","11":"shipping-taxable","12":"purchasable","13":"product-type-simple"},"acf":[],"_links":{"self":[{"href":"https:\/\/www.robotspecialist.be\/fr\/wp-json\/wp\/v2\/product\/4670","targetHints":{"allow":["GET"]}}],"collection":[{"href":"https:\/\/www.robotspecialist.be\/fr\/wp-json\/wp\/v2\/product"}],"about":[{"href":"https:\/\/www.robotspecialist.be\/fr\/wp-json\/wp\/v2\/types\/product"}],"wp:featuredmedia":[{"embeddable":true,"href":"https:\/\/www.robotspecialist.be\/fr\/wp-json\/wp\/v2\/media\/4693"}],"wp:attachment":[{"href":"https:\/\/www.robotspecialist.be\/fr\/wp-json\/wp\/v2\/media?parent=4670"}],"wp:term":[{"taxonomy":"product_brand","embeddable":true,"href":"https:\/\/www.robotspecialist.be\/fr\/wp-json\/wp\/v2\/product_brand?post=4670"},{"taxonomy":"product_cat","embeddable":true,"href":"https:\/\/www.robotspecialist.be\/fr\/wp-json\/wp\/v2\/product_cat?post=4670"},{"taxonomy":"product_tag","embeddable":true,"href":"https:\/\/www.robotspecialist.be\/fr\/wp-json\/wp\/v2\/product_tag?post=4670"}],"curies":[{"name":"wp","href":"https:\/\/api.w.org\/{rel}","templated":true}]}}