{"id":4822,"date":"2018-08-27T08:04:00","date_gmt":"2018-08-27T06:04:00","guid":{"rendered":"https:\/\/www.robotspecialist.be\/?post_type=product&#038;p=4822"},"modified":"2018-09-06T11:29:03","modified_gmt":"2018-09-06T09:29:03","slug":"fil-perimetrique","status":"publish","type":"product","link":"https:\/\/www.robotspecialist.be\/fr\/produit\/fil-perimetrique\/","title":{"rendered":"Fil p\u00e9rim\u00e9trique"},"content":{"rendered":"<p>L\u2019installation est identique \u00e0 celle de fils standard. Le fil p\u00e9rim\u00e9trique peut \u00eatre utilis\u00e9 avec la plupart des sous-soleuses disponibles sur le march\u00e9. Le raccordement est identique : soit par soudure, soit par des connecteurs \u00e9tanches. Dans ce dernier cas, il est n\u00e9anmoins conseill\u00e9 de d\u00e9nuder la premi\u00e8re couche du c\u00e2ble isolant. Son installation est donc tr\u00e8s simple. Osvan propose \u00e9galement plusieurs outils pour les diff\u00e9rentes sous-soleuses.<\/p>\n","protected":false},"excerpt":{"rendered":"<p>Osvan pr\u00e9sente un nouveau fil p\u00e9rim\u00e9trique, le \u00ab clean gardencable \u00bb, con\u00e7u sp\u00e9cialement pour les robots tondeuses. Ce fil \u00e0 enterrer devrait r\u00e9soudre les probl\u00e8mes rencontr\u00e9s avec les mod\u00e8les standard. Extr\u00eamement souple, conducteur, en cuivre \u00e9tam\u00e9, 100 % \u00e9tanche (AD8), muni d\u2019une gaine de protection en mat\u00e9riau non toxique, il ne contient aucune graisse animale qui attire les rongeurs. Apr\u00e8s deux ann\u00e9es de test, les commer\u00e7ants ont constat\u00e9 une forte baisse des interventions li\u00e9es \u00e0 des fils endommag\u00e9s. Moins de temps et d\u2019argent perdu, donc.<\/p>\n","protected":false},"featured_media":4827,"template":"","meta":{"_acf_changed":false},"product_brand":[],"product_cat":[300],"product_tag":[],"class_list":{"0":"post-4822","1":"product","2":"type-product","3":"status-publish","4":"has-post-thumbnail","6":"product_cat-geen-onderdeel-van-een-categorie","8":"first","9":"instock","10":"taxable","11":"shipping-taxable","12":"product-type-simple"},"acf":[],"_links":{"self":[{"href":"https:\/\/www.robotspecialist.be\/fr\/wp-json\/wp\/v2\/product\/4822","targetHints":{"allow":["GET"]}}],"collection":[{"href":"https:\/\/www.robotspecialist.be\/fr\/wp-json\/wp\/v2\/product"}],"about":[{"href":"https:\/\/www.robotspecialist.be\/fr\/wp-json\/wp\/v2\/types\/product"}],"wp:featuredmedia":[{"embeddable":true,"href":"https:\/\/www.robotspecialist.be\/fr\/wp-json\/wp\/v2\/media\/4827"}],"wp:attachment":[{"href":"https:\/\/www.robotspecialist.be\/fr\/wp-json\/wp\/v2\/media?parent=4822"}],"wp:term":[{"taxonomy":"product_brand","embeddable":true,"href":"https:\/\/www.robotspecialist.be\/fr\/wp-json\/wp\/v2\/product_brand?post=4822"},{"taxonomy":"product_cat","embeddable":true,"href":"https:\/\/www.robotspecialist.be\/fr\/wp-json\/wp\/v2\/product_cat?post=4822"},{"taxonomy":"product_tag","embeddable":true,"href":"https:\/\/www.robotspecialist.be\/fr\/wp-json\/wp\/v2\/product_tag?post=4822"}],"curies":[{"name":"wp","href":"https:\/\/api.w.org\/{rel}","templated":true}]}}