{"id":4832,"date":"2018-08-28T10:51:24","date_gmt":"2018-08-28T08:51:25","guid":{"rendered":"https:\/\/www.robotspecialist.be\/?post_type=product&#038;p=4832"},"modified":"2019-01-18T00:08:02","modified_gmt":"2019-01-17T23:08:02","slug":"chercheur-de-bris-de-fil","status":"publish","type":"product","link":"https:\/\/www.robotspecialist.be\/fr\/produit\/chercheur-de-bris-de-fil\/","title":{"rendered":"Chercheur de bris de fil"},"content":{"rendered":"<p>Qui n\u2019a jamais \u00e9t\u00e9 confront\u00e9 \u00e0 une rupture de fil p\u00e9rim\u00e9trique dans son jardin ? En soi, cet \u00e9v\u00e9nement n\u2019a rien de dramatique, mais le probl\u00e8me qui se pose alors est de parvenir \u00e0 la localiser avec exactitude.<br \/>\nLa solution ? Le Loopmaster. Cet outil vous permettra de d\u00e9terminer rapidement et ais\u00e9ment l\u2019emplacement pr\u00e9cis de la rupture. Vous pourrez \u00e9galement chercher sans le moindre mal les fils ou c\u00e2bles conducteurs intacts dont vous avez oubli\u00e9 la localisation.<br \/>\nPour les mod\u00e8les des fabricants Husqvarna et Honda, qui \u00e9mettent un signal tr\u00e8s subtil, ou pour des installations de plus de 250 m\u00e8tres, nous recommandons de compl\u00e9ter le Loopmaster avec le Soundmaster, un appareil qui g\u00e9n\u00e8re un son capt\u00e9 par le Loopmaster lorsqu\u2019une rupture est d\u00e9tect\u00e9e.<\/p>\n","protected":false},"excerpt":{"rendered":"<p>La livraison contient 4 barres t\u00e9l\u00e9scopiques avec clips attache-rapide.<\/p>\n","protected":false},"featured_media":4834,"template":"","meta":{"_acf_changed":false},"product_brand":[],"product_cat":[300],"product_tag":[],"class_list":{"0":"post-4832","1":"product","2":"type-product","3":"status-publish","4":"has-post-thumbnail","6":"product_cat-geen-onderdeel-van-een-categorie","8":"first","9":"instock","10":"taxable","11":"shipping-taxable","12":"purchasable","13":"product-type-simple"},"acf":[],"_links":{"self":[{"href":"https:\/\/www.robotspecialist.be\/fr\/wp-json\/wp\/v2\/product\/4832","targetHints":{"allow":["GET"]}}],"collection":[{"href":"https:\/\/www.robotspecialist.be\/fr\/wp-json\/wp\/v2\/product"}],"about":[{"href":"https:\/\/www.robotspecialist.be\/fr\/wp-json\/wp\/v2\/types\/product"}],"wp:featuredmedia":[{"embeddable":true,"href":"https:\/\/www.robotspecialist.be\/fr\/wp-json\/wp\/v2\/media\/4834"}],"wp:attachment":[{"href":"https:\/\/www.robotspecialist.be\/fr\/wp-json\/wp\/v2\/media?parent=4832"}],"wp:term":[{"taxonomy":"product_brand","embeddable":true,"href":"https:\/\/www.robotspecialist.be\/fr\/wp-json\/wp\/v2\/product_brand?post=4832"},{"taxonomy":"product_cat","embeddable":true,"href":"https:\/\/www.robotspecialist.be\/fr\/wp-json\/wp\/v2\/product_cat?post=4832"},{"taxonomy":"product_tag","embeddable":true,"href":"https:\/\/www.robotspecialist.be\/fr\/wp-json\/wp\/v2\/product_tag?post=4832"}],"curies":[{"name":"wp","href":"https:\/\/api.w.org\/{rel}","templated":true}]}}